{"id":2433,"date":"2025-11-13T21:59:28","date_gmt":"2025-11-13T21:59:28","guid":{"rendered":"https:\/\/ceragem.pt\/?page_id=2433"},"modified":"2025-11-22T09:40:27","modified_gmt":"2025-11-22T09:40:27","slug":"book-appointment-quarteira","status":"publish","type":"page","link":"https:\/\/ceragem.pt\/index.php\/book-appointment-quarteira\/","title":{"rendered":"Book Appointment Quarteira"},"content":{"rendered":"\t\t<div data-elementor-type=\"wp-page\" data-elementor-id=\"2433\" class=\"elementor elementor-2433\" data-elementor-post-type=\"page\">\n\t\t\t\t<div class=\"elementor-element elementor-element-ea4260a e-flex e-con-boxed e-con e-parent\" data-id=\"ea4260a\" data-element_type=\"container\">\n\t\t\t\t\t<div class=\"e-con-inner\">\n\t\t\t\t<div class=\"elementor-element elementor-element-9a372f2 elementor-widget elementor-widget-heading\" data-id=\"9a372f2\" data-element_type=\"widget\" data-widget_type=\"heading.default\">\n\t\t\t\t<div class=\"elementor-widget-container\">\n\t\t\t\t\t<h2 class=\"elementor-heading-title elementor-size-default\">Book Your Trial Session At Quarteira Centre<\/h2>\t\t\t\t<\/div>\n\t\t\t\t<\/div>\n\t\t\t\t\t<\/div>\n\t\t\t\t<\/div>\n\t\t<div class=\"elementor-element elementor-element-2eba98f e-flex e-con-boxed e-con e-parent\" data-id=\"2eba98f\" data-element_type=\"container\">\n\t\t\t\t\t<div class=\"e-con-inner\">\n\t\t\t\t<div class=\"elementor-element elementor-element-72e8ed9 elementor-widget elementor-widget-text-editor\" data-id=\"72e8ed9\" data-element_type=\"widget\" data-widget_type=\"text-editor.default\">\n\t\t\t\t<div class=\"elementor-widget-container\">\n\t\t\t\t\t\t\t\t\t<p><em>Appointments are available Monday to Friday, 10:00\u201316:30.<\/em><br data-start=\"362\" data-end=\"365\" \/><em>For bookings outside these hours, feel free to reach out to us via Phone\/WhatsApp <span style=\"text-decoration: underline;\">+351 919 990 962.<\/span><\/em><\/p><p><em>As marca\u00e7\u00f5es est\u00e3o dispon\u00edveis de Segunda a Sexta-feira, das 10:00 \u00e0s 16:30. <br \/><\/em><em>Para marca\u00e7\u00f5es fora deste hor\u00e1rio, n\u00e3o hesite em contactar-nos via Telefone\/WhatsApp <span style=\"text-decoration: underline;\">+351 919 990 962<\/span><\/em><\/p>\t\t\t\t\t\t\t\t<\/div>\n\t\t\t\t<\/div>\n\t\t\t\t<div class=\"elementor-element elementor-element-bb8d7ab elementor-widget elementor-widget-wp-widget-forminator_widget\" data-id=\"bb8d7ab\" data-element_type=\"widget\" data-widget_type=\"wp-widget-forminator_widget.default\">\n\t\t\t\t<div class=\"elementor-widget-container\">\n\t\t\t\t\t<div class=\"forminator-ui forminator-custom-form forminator-custom-form-1351 forminator-design--material  forminator_ajax\" data-forminator-render=\"0\" data-form=\"forminator-module-1351\" data-uid=\"69fb3295d9f38\"><br\/><\/div><form\n\t\t\t\tid=\"forminator-module-1351\"\n\t\t\t\tclass=\"forminator-ui forminator-custom-form forminator-custom-form-1351 forminator-design--material  forminator_ajax\"\n\t\t\t\tmethod=\"post\"\n\t\t\t\tdata-forminator-render=\"0\"\n\t\t\t\tdata-form-id=\"1351\"\n\t\t\t\t\n\t\t\t\tdata-design=\"material\"\n\t\t\t\t\n\t\t\t\t\n\t\t\t\t\n\t\t\t\tdata-grid=\"open\"\n\t\t\t\t\n\t\t\t\t\n\t\t\t\tstyle=\"display: none;\"\n\t\t\t\t\n\t\t\t\tdata-uid=\"69fb3295d9f38\"\n\t\t\t><div role=\"alert\" aria-live=\"polite\" class=\"forminator-response-message forminator-error\" aria-hidden=\"true\"><\/div><div class=\"forminator-row\"><div id=\"name-1\" class=\"forminator-field-name forminator-col forminator-col-12 \"><div class=\"forminator-row forminator-no-margin\" data-multiple=\"true\"><div class=\"forminator-col forminator-col-md-6\"><div class=\"forminator-field\"><label for=\"forminator-field-first-name-1_69fb3295d9f38\" id=\"forminator-field-first-name-1_69fb3295d9f38-label\" class=\"forminator-label\">First Name <span class=\"forminator-required\">*<\/span><\/label><input type=\"text\" name=\"name-1-first-name\" placeholder=\"E.g. John\" id=\"forminator-field-first-name-1_69fb3295d9f38\" class=\"forminator-input\" aria-required=\"true\" data-multi=\"1\" value=\"\" \/><\/div><\/div><div class=\"forminator-col forminator-col-md-6\"><div class=\"forminator-field\"><label for=\"forminator-field-last-name-1_69fb3295d9f38\" id=\"forminator-field-last-name-1_69fb3295d9f38-label\" class=\"forminator-label\">Last Name <span class=\"forminator-required\">*<\/span><\/label><input type=\"text\" name=\"name-1-last-name\" placeholder=\"E.g. Doe\" id=\"forminator-field-last-name-1_69fb3295d9f38\" class=\"forminator-input\" aria-required=\"true\" data-multi=\"1\" value=\"\" \/><\/div><\/div><\/div><\/div><\/div><div class=\"forminator-row\"><div id=\"phone-1\" class=\"forminator-field-phone forminator-col forminator-col-6 \"><div class=\"forminator-field\"><label for=\"forminator-field-phone-1_69fb3295d9f38\" id=\"forminator-field-phone-1_69fb3295d9f38-label\" class=\"forminator-label\">Phone\/WhatsApp <span class=\"forminator-required\">*<\/span><\/label><input type=\"text\" name=\"phone-1\" value=\"\" placeholder=\"E.g. +351 300 400 500\" id=\"forminator-field-phone-1_69fb3295d9f38\" class=\"forminator-input forminator-field--phone\" data-required=\"1\" aria-required=\"true\" autocomplete=\"off\" data-national_mode=\"disabled\" data-country=\"pt\" data-validation=\"international\" \/><\/div><\/div><div id=\"email-1\" class=\"forminator-field-email forminator-col forminator-col-6 \"><div class=\"forminator-field\"><label for=\"forminator-field-email-1_69fb3295d9f38\" id=\"forminator-field-email-1_69fb3295d9f38-label\" class=\"forminator-label\">Email Address<\/label><input type=\"email\" name=\"email-1\" value=\"\" placeholder=\"E.g. john@doe.com\" id=\"forminator-field-email-1_69fb3295d9f38\" class=\"forminator-input forminator-email--field\" data-required=\"\" aria-required=\"false\" aria-describedby=\"forminator-field-email-1_69fb3295d9f38-description\" \/><span id=\"forminator-field-email-1_69fb3295d9f38-description\" class=\"forminator-description\">Please fill in your email if you prefer to be contacted via email<\/span><\/div><\/div><\/div><div class=\"forminator-row\"><div id=\"date-1\" class=\"forminator-field-date forminator-col forminator-col-12 \"><div class=\"forminator-field\"><label for=\"forminator-field-date-1-picker_69fb3295d9f38\" id=\"forminator-field-date-1-picker_69fb3295d9f38-label\" class=\"forminator-label\">Select Date <span class=\"forminator-required\">*<\/span><\/label><div class=\"forminator-input-with-icon\"><span class=\"forminator-icon-calendar\" aria-hidden=\"true\"><\/span><input autocomplete=\"off\" type=\"text\" size=\"1\" name=\"date-1\" value=\"\" placeholder=\"Choose Date\" id=\"forminator-field-date-1-picker_69fb3295d9f38\" class=\"forminator-input forminator-datepicker\" data-required=\"1\" data-format=\"mm\/dd\/yy\" data-restrict-type=\"week\" data-restrict=\"0,6\" data-start-year=\"2026\" data-end-year=\"2026\" data-past-dates=\"enable\" data-start-of-week=\"1\" data-start-date=\"2026-05-07\" data-end-date=\"2026-05-20\" data-start-field=\"\" data-end-field=\"\" data-start-offset=\"\" data-end-offset=\"\" data-disable-date=\"\" data-disable-range=\"\" \/><\/div><\/div><\/div><\/div><div class=\"forminator-row\"><div id=\"time-1\" class=\"forminator-field-time forminator-col forminator-col-12 \"><label for=\"forminator-field-time-1\" id=\"forminator-field-time-1-label\" class=\"forminator-label\">Select Hour <span class=\"forminator-required\">*<\/span><\/label><div class=\"forminator-timepicker\" ><div class=\"forminator-row\" data-multiple=\"true\"><div id=\"time-1-hours\" class=\"forminator-col forminator-col-6\"><div class=\"forminator-field\"><label for=\"forminator-field-1351__field--time-1-hours_69fb3295d9f38\" id=\"forminator-field-1351__field--time-1-hours_69fb3295d9f38-label\" class=\"forminator-label\">Hours<\/label><select name=\"time-1-hours\" id=\"forminator-field-1351__field--time-1-hours_69fb3295d9f38\" class=\"forminator-select2 time-hours has-time-limiter\" data-field=\"hours\" aria-labelledby=\"forminator-field-1351__field--time-1-hours_69fb3295d9f38-label\" data-default-value=\"\"><option value=\"\" selected=\"selected\">-<\/option><option value=\"10\" >10<\/option><option value=\"11\" >11<\/option><option value=\"12\" >12<\/option><option value=\"13\" >13<\/option><option value=\"14\" >14<\/option><option value=\"15\" >15<\/option><option value=\"16\" >16<\/option><\/select><\/div><\/div><div id=\"time-1-minutes\" class=\"forminator-col forminator-col-6\"><div class=\"forminator-field\"><label for=\"forminator-field-1351__field--time-1-minutes_69fb3295d9f38\" id=\"forminator-field-1351__field--time-1-minutes_69fb3295d9f38-label\" class=\"forminator-label\">Minutes<\/label><select name=\"time-1-minutes\" id=\"forminator-field-1351__field--time-1-minutes_69fb3295d9f38\" class=\"forminator-select2 time-minutes has-time-limiter\" data-field=\"minutes\" aria-labelledby=\"forminator-field-1351__field--time-1-minutes_69fb3295d9f38-label\" data-default-value=\"\"><option value=\"\" selected=\"selected\">-<\/option><option value=\"0\" >00<\/option><option value=\"30\" >30<\/option><\/select><\/div><\/div><\/div><\/div><\/div><\/div><div class=\"forminator-row\"><div id=\"consent-1\" class=\"forminator-field-consent forminator-col forminator-col-12 \"><div class=\"forminator-field\"><label for=\"forminator-field-consent-1_69fb3295d9f38\" id=\"forminator-field-consent-1_69fb3295d9f38-label\" class=\"forminator-label\">Consent <span class=\"forminator-required\">*<\/span><\/label><div class=\"forminator-checkbox__wrapper\"><label for=\"forminator-field-consent-1_69fb3295d9f38\" id=\"forminator-field-consent-1_69fb3295d9f38__label\" class=\"forminator-checkbox forminator-consent\"><input type=\"checkbox\" name=\"consent-1\" id=\"forminator-field-consent-1_69fb3295d9f38\" value=\"checked\" aria-labelledby=\"forminator-field-consent-1_69fb3295d9f38-label\" aria-describedby=\"forminator-field-consent-1_69fb3295d9f38__description\" data-required=\"true\" aria-required=\"true\" \/><span class=\"forminator-checkbox-box\" aria-hidden=\"true\"><\/span><\/label><div id=\"forminator-field-consent-1_69fb3295d9f38__description\" class=\"forminator-checkbox__label forminator-consent__label\"><p>Yes, I agree with the <a rel=\"noopener\" target=\"_blank\" href=\"https:\/\/ceragem.pt\/index.php\/privacy-policy\/\">privacy policy<\/a>.<\/p><\/div><\/div><\/div><\/div><\/div><input type=\"hidden\" name=\"referer_url\" value=\"\" \/><div class=\"forminator-row forminator-row-last\"><div class=\"forminator-col\"><div class=\"forminator-field\"><button class=\"forminator-button forminator-button-submit\"><span>Book Appointment<\/span><span aria-hidden=\"true\"><\/span><\/button><\/div><\/div><\/div><input type=\"hidden\" id=\"forminator_nonce\" name=\"forminator_nonce\" value=\"9cc4bab203\" \/><input type=\"hidden\" name=\"_wp_http_referer\" value=\"\/index.php\/wp-json\/wp\/v2\/pages\/2433\" \/><input type=\"hidden\" name=\"form_id\" value=\"1351\"><input type=\"hidden\" name=\"page_id\" value=\"2433\"><input type=\"hidden\" name=\"form_type\" value=\"default\"><input type=\"hidden\" name=\"current_url\" value=\"https:\/\/ceragem.pt\/index.php\/book-appointment-quarteira\/\"><input type=\"hidden\" name=\"render_id\" value=\"0\"><input type=\"hidden\" name=\"action\" value=\"forminator_submit_form_custom-forms\"><\/form>\t\t\t\t<\/div>\n\t\t\t\t<\/div>\n\t\t\t\t\t<\/div>\n\t\t\t\t<\/div>\n\t\t\t\t<\/div>\n\t\t","protected":false},"excerpt":{"rendered":"<p>Book Your Trial Session At Quarteira Centre Appointments are available Monday to Friday, 10:00\u201316:30.For bookings outside these hours, feel free [&hellip;]<\/p>\n","protected":false},"author":1,"featured_media":0,"parent":0,"menu_order":0,"comment_status":"closed","ping_status":"closed","template":"","meta":{"content-type":"","site-sidebar-layout":"no-sidebar","site-content-layout":"","ast-site-content-layout":"full-width-container","site-content-style":"default","site-sidebar-style":"default","ast-global-header-display":"","ast-banner-title-visibility":"","ast-main-header-display":"","ast-hfb-above-header-display":"","ast-hfb-below-header-display":"","ast-hfb-mobile-header-display":"","site-post-title":"disabled","ast-breadcrumbs-content":"","ast-featured-img":"disabled","footer-sml-layout":"","theme-transparent-header-meta":"","adv-header-id-meta":"","stick-header-meta":"","header-above-stick-meta":"","header-main-stick-meta":"","header-below-stick-meta":"","astra-migrate-meta-layouts":"default","ast-page-background-enabled":"default","ast-page-background-meta":{"desktop":{"background-color":"var(--ast-global-color-4)","background-image":"","background-repeat":"repeat","background-position":"center center","background-size":"auto","background-attachment":"scroll","background-type":"","background-media":"","overlay-type":"","overlay-color":"","overlay-opacity":"","overlay-gradient":""},"tablet":{"background-color":"","background-image":"","background-repeat":"repeat","background-position":"center center","background-size":"auto","background-attachment":"scroll","background-type":"","background-media":"","overlay-type":"","overlay-color":"","overlay-opacity":"","overlay-gradient":""},"mobile":{"background-color":"","background-image":"","background-repeat":"repeat","background-position":"center center","background-size":"auto","background-attachment":"scroll","background-type":"","background-media":"","overlay-type":"","overlay-color":"","overlay-opacity":"","overlay-gradient":""}},"ast-content-background-meta":{"desktop":{"background-color":"var(--ast-global-color-5)","background-image":"","background-repeat":"repeat","background-position":"center center","background-size":"auto","background-attachment":"scroll","background-type":"","background-media":"","overlay-type":"","overlay-color":"","overlay-opacity":"","overlay-gradient":""},"tablet":{"background-color":"var(--ast-global-color-5)","background-image":"","background-repeat":"repeat","background-position":"center center","background-size":"auto","background-attachment":"scroll","background-type":"","background-media":"","overlay-type":"","overlay-color":"","overlay-opacity":"","overlay-gradient":""},"mobile":{"background-color":"var(--ast-global-color-5)","background-image":"","background-repeat":"repeat","background-position":"center center","background-size":"auto","background-attachment":"scroll","background-type":"","background-media":"","overlay-type":"","overlay-color":"","overlay-opacity":"","overlay-gradient":""}},"footnotes":""},"class_list":["post-2433","page","type-page","status-publish","hentry"],"yoast_head":"<!-- This site is optimized with the Yoast SEO plugin v26.3 - https:\/\/yoast.com\/wordpress\/plugins\/seo\/ -->\n<title>Book Appointment for Free Trial Massage<\/title>\n<meta name=\"robots\" content=\"index, follow, max-snippet:-1, max-image-preview:large, max-video-preview:-1\" \/>\n<link rel=\"canonical\" href=\"https:\/\/ceragem.pt\/index.php\/book-appointment-quarteira\/\" \/>\n<meta property=\"og:locale\" content=\"en_GB\" \/>\n<meta property=\"og:type\" content=\"article\" \/>\n<meta property=\"og:title\" content=\"Book Appointment for Free Trial Massage\" \/>\n<meta property=\"og:description\" content=\"Book Your Trial Session At Quarteira Centre Appointments are available Monday to Friday, 10:00\u201316:30.For bookings outside these hours, feel free [&hellip;]\" \/>\n<meta property=\"og:url\" content=\"https:\/\/ceragem.pt\/index.php\/book-appointment-quarteira\/\" \/>\n<meta property=\"og:site_name\" content=\"ceragem.pt\" \/>\n<meta property=\"article:publisher\" content=\"https:\/\/www.facebook.com\/ceragemportugal\" \/>\n<meta property=\"article:modified_time\" content=\"2025-11-22T09:40:27+00:00\" \/>\n<meta name=\"twitter:card\" content=\"summary_large_image\" \/>\n<meta name=\"twitter:label1\" content=\"Estimated reading time\" \/>\n\t<meta name=\"twitter:data1\" content=\"1 minute\" \/>\n<script type=\"application\/ld+json\" class=\"yoast-schema-graph\">{\"@context\":\"https:\/\/schema.org\",\"@graph\":[{\"@type\":\"WebPage\",\"@id\":\"https:\/\/ceragem.pt\/index.php\/book-appointment-quarteira\/\",\"url\":\"https:\/\/ceragem.pt\/index.php\/book-appointment-quarteira\/\",\"name\":\"Book Appointment for Free Trial Massage\",\"isPartOf\":{\"@id\":\"https:\/\/ceragem.pt\/#website\"},\"datePublished\":\"2025-11-13T21:59:28+00:00\",\"dateModified\":\"2025-11-22T09:40:27+00:00\",\"breadcrumb\":{\"@id\":\"https:\/\/ceragem.pt\/index.php\/book-appointment-quarteira\/#breadcrumb\"},\"inLanguage\":\"en-GB\",\"potentialAction\":[{\"@type\":\"ReadAction\",\"target\":[\"https:\/\/ceragem.pt\/index.php\/book-appointment-quarteira\/\"]}]},{\"@type\":\"BreadcrumbList\",\"@id\":\"https:\/\/ceragem.pt\/index.php\/book-appointment-quarteira\/#breadcrumb\",\"itemListElement\":[{\"@type\":\"ListItem\",\"position\":1,\"name\":\"Home\",\"item\":\"https:\/\/ceragem.pt\/\"},{\"@type\":\"ListItem\",\"position\":2,\"name\":\"Book Appointment Quarteira\"}]},{\"@type\":\"WebSite\",\"@id\":\"https:\/\/ceragem.pt\/#website\",\"url\":\"https:\/\/ceragem.pt\/\",\"name\":\"Ceragem Portugal\",\"description\":\"Pain relief and well-being with advanced thermal therapy.~Al\u00edvio da dor e bem-estar com terapia t\u00e9rmica avan\u00e7ada\",\"publisher\":{\"@id\":\"https:\/\/ceragem.pt\/#organization\"},\"alternateName\":\"Ceragem Automatic Thermal Massager\",\"potentialAction\":[{\"@type\":\"SearchAction\",\"target\":{\"@type\":\"EntryPoint\",\"urlTemplate\":\"https:\/\/ceragem.pt\/?s={search_term_string}\"},\"query-input\":{\"@type\":\"PropertyValueSpecification\",\"valueRequired\":true,\"valueName\":\"search_term_string\"}}],\"inLanguage\":\"en-GB\"},{\"@type\":\"Organization\",\"@id\":\"https:\/\/ceragem.pt\/#organization\",\"name\":\"ceragem.pt\",\"url\":\"https:\/\/ceragem.pt\/\",\"logo\":{\"@type\":\"ImageObject\",\"inLanguage\":\"en-GB\",\"@id\":\"https:\/\/ceragem.pt\/#\/schema\/logo\/image\/\",\"url\":\"https:\/\/ceragem.pt\/wp-content\/uploads\/2024\/01\/header-logo.svg\",\"contentUrl\":\"https:\/\/ceragem.pt\/wp-content\/uploads\/2024\/01\/header-logo.svg\",\"width\":1072,\"height\":153,\"caption\":\"ceragem.pt\"},\"image\":{\"@id\":\"https:\/\/ceragem.pt\/#\/schema\/logo\/image\/\"},\"sameAs\":[\"https:\/\/www.facebook.com\/ceragemportugal\",\"https:\/\/www.instagram.com\/ceragempt\/\"]}]}<\/script>\n<!-- \/ Yoast SEO plugin. -->","yoast_head_json":{"title":"Book Appointment for Free Trial Massage","robots":{"index":"index","follow":"follow","max-snippet":"max-snippet:-1","max-image-preview":"max-image-preview:large","max-video-preview":"max-video-preview:-1"},"canonical":"https:\/\/ceragem.pt\/index.php\/book-appointment-quarteira\/","og_locale":"en_GB","og_type":"article","og_title":"Book Appointment for Free Trial Massage","og_description":"Book Your Trial Session At Quarteira Centre Appointments are available Monday to Friday, 10:00\u201316:30.For bookings outside these hours, feel free [&hellip;]","og_url":"https:\/\/ceragem.pt\/index.php\/book-appointment-quarteira\/","og_site_name":"ceragem.pt","article_publisher":"https:\/\/www.facebook.com\/ceragemportugal","article_modified_time":"2025-11-22T09:40:27+00:00","twitter_card":"summary_large_image","twitter_misc":{"Estimated reading time":"1 minute"},"schema":{"@context":"https:\/\/schema.org","@graph":[{"@type":"WebPage","@id":"https:\/\/ceragem.pt\/index.php\/book-appointment-quarteira\/","url":"https:\/\/ceragem.pt\/index.php\/book-appointment-quarteira\/","name":"Book Appointment for Free Trial Massage","isPartOf":{"@id":"https:\/\/ceragem.pt\/#website"},"datePublished":"2025-11-13T21:59:28+00:00","dateModified":"2025-11-22T09:40:27+00:00","breadcrumb":{"@id":"https:\/\/ceragem.pt\/index.php\/book-appointment-quarteira\/#breadcrumb"},"inLanguage":"en-GB","potentialAction":[{"@type":"ReadAction","target":["https:\/\/ceragem.pt\/index.php\/book-appointment-quarteira\/"]}]},{"@type":"BreadcrumbList","@id":"https:\/\/ceragem.pt\/index.php\/book-appointment-quarteira\/#breadcrumb","itemListElement":[{"@type":"ListItem","position":1,"name":"Home","item":"https:\/\/ceragem.pt\/"},{"@type":"ListItem","position":2,"name":"Book Appointment Quarteira"}]},{"@type":"WebSite","@id":"https:\/\/ceragem.pt\/#website","url":"https:\/\/ceragem.pt\/","name":"Ceragem Portugal","description":"Pain relief and well-being with advanced thermal therapy.~Al\u00edvio da dor e bem-estar com terapia t\u00e9rmica avan\u00e7ada","publisher":{"@id":"https:\/\/ceragem.pt\/#organization"},"alternateName":"Ceragem Automatic Thermal Massager","potentialAction":[{"@type":"SearchAction","target":{"@type":"EntryPoint","urlTemplate":"https:\/\/ceragem.pt\/?s={search_term_string}"},"query-input":{"@type":"PropertyValueSpecification","valueRequired":true,"valueName":"search_term_string"}}],"inLanguage":"en-GB"},{"@type":"Organization","@id":"https:\/\/ceragem.pt\/#organization","name":"ceragem.pt","url":"https:\/\/ceragem.pt\/","logo":{"@type":"ImageObject","inLanguage":"en-GB","@id":"https:\/\/ceragem.pt\/#\/schema\/logo\/image\/","url":"https:\/\/ceragem.pt\/wp-content\/uploads\/2024\/01\/header-logo.svg","contentUrl":"https:\/\/ceragem.pt\/wp-content\/uploads\/2024\/01\/header-logo.svg","width":1072,"height":153,"caption":"ceragem.pt"},"image":{"@id":"https:\/\/ceragem.pt\/#\/schema\/logo\/image\/"},"sameAs":["https:\/\/www.facebook.com\/ceragemportugal","https:\/\/www.instagram.com\/ceragempt\/"]}]}},"jetpack_sharing_enabled":true,"_links":{"self":[{"href":"https:\/\/ceragem.pt\/index.php\/wp-json\/wp\/v2\/pages\/2433","targetHints":{"allow":["GET"]}}],"collection":[{"href":"https:\/\/ceragem.pt\/index.php\/wp-json\/wp\/v2\/pages"}],"about":[{"href":"https:\/\/ceragem.pt\/index.php\/wp-json\/wp\/v2\/types\/page"}],"author":[{"embeddable":true,"href":"https:\/\/ceragem.pt\/index.php\/wp-json\/wp\/v2\/users\/1"}],"replies":[{"embeddable":true,"href":"https:\/\/ceragem.pt\/index.php\/wp-json\/wp\/v2\/comments?post=2433"}],"version-history":[{"count":15,"href":"https:\/\/ceragem.pt\/index.php\/wp-json\/wp\/v2\/pages\/2433\/revisions"}],"predecessor-version":[{"id":2459,"href":"https:\/\/ceragem.pt\/index.php\/wp-json\/wp\/v2\/pages\/2433\/revisions\/2459"}],"wp:attachment":[{"href":"https:\/\/ceragem.pt\/index.php\/wp-json\/wp\/v2\/media?parent=2433"}],"curies":[{"name":"wp","href":"https:\/\/api.w.org\/{rel}","templated":true}]}}