{"id":3,"date":"2024-01-12T14:13:26","date_gmt":"2024-01-12T14:13:26","guid":{"rendered":"http:\/\/ceragem.pt\/?page_id=3"},"modified":"2024-06-11T10:18:13","modified_gmt":"2024-06-11T09:18:13","slug":"privacy-policy","status":"publish","type":"page","link":"https:\/\/ceragem.pt\/index.php\/privacy-policy\/","title":{"rendered":"Privacy Policy"},"content":{"rendered":"\t\t<div data-elementor-type=\"wp-page\" data-elementor-id=\"3\" class=\"elementor elementor-3\" data-elementor-post-type=\"page\">\n\t\t\t\t<div class=\"elementor-element elementor-element-34ab36d e-flex e-con-boxed e-con e-parent\" data-id=\"34ab36d\" data-element_type=\"container\">\n\t\t\t\t\t<div class=\"e-con-inner\">\n\t\t\t\t<div class=\"elementor-element elementor-element-7a923cc elementor-widget elementor-widget-text-editor\" data-id=\"7a923cc\" data-element_type=\"widget\" data-widget_type=\"text-editor.default\">\n\t\t\t\t<div class=\"elementor-widget-container\">\n\t\t\t\t\t\t\t\t\t<p><b>\nLast Updated On 07-Jun-2024<br>\n<br>Effective Date 07-Jun-2025<\/b><br>\n<br><br>This Privacy Policy describes the policies of Magic Lodge, Rua do Forte Novo Edf. Barbimar, Loja 1, Faro, 8125-577, Portugal, email: contact@ceragem.pt, phone: +351-919 990 962, on the collection, use and disclosure of your information that we collect when you use our website https:\/\/ceragem.pt. By accessing or using the Service, you are consenting to the collection, use and disclosure of your information in accordance with this Privacy Policy. If you do not consent to the same, please do not access or use the Service.<\/p>\n<p>We may modify this Privacy Policy at any time without any prior notice to you and will post the revised Privacy Policy on the Service. The revised Policy will be effective 180 days from when the revised Policy is posted in the Service and your continued access or use of the Service after such time will constitute your acceptance of the revised Privacy Policy. We therefore recommend that you periodically review this page.<\/p>\n<h5 style=\"font-style: normal; color: #333333;\">Data collection on this website<\/h5>\n<p style=\"font-size: 16px; font-style: normal; font-weight: 400;\">If you send us enquiries via the Contact Form or book appointment via the Book Appointment Form, your details from the forms, including the contact details you provide there, will be stored by us for the purpose of processing the enquiry and in the event of follow-up questions.<\/p>\n<p style=\"font-size: 16px; font-style: normal; font-weight: 400;\">The processing of this data is carried out on the basis of Art. 6 (1) (b) GDPR if your request is related to the performance of a contract or is necessary for the implementation of pre-contractual measures. In all other cases, the processing is based on our legitimate interest in the effective processing of the enquiries addressed to us (Art. 6 para. 1 lit. f GDPR) or on your consent (Art. 6 para. 1 lit. a GDPR), if this has been requested; consent can be revoked at any time.<\/p>\n<p style=\"font-size: 16px; font-style: normal; font-weight: 400;\">The data you enter in the contact form will remain with us until you ask us to delete it, revoke your consent to the storage or the purpose for which the data is stored no longer applies (e.g. after your enquiry has been processed). Mandatory statutory provisions \u2013 in particular retention periods \u2013 remain unaffected.<\/p>\n<h5><span style=\"background-color: var(--ast-global-color-5); color: var( --e-global-color-primary ); font-family: var( --e-global-typography-text-font-family ), Sans-serif; font-style: inherit; text-align: var(--text-align);\">How We Use Your Information:<\/span><\/h5>\n<p style=\"font-size: 16px; color: var( --e-global-color-text ); font-family: var( --e-global-typography-text-font-family ), Sans-serif; text-align: var(--text-align); background-color: var(--ast-global-color-5);\">We will use the information that we collect about you for the following purposes:<\/p>\n<ol style=\"font-size: 16px; color: var( --e-global-color-text ); font-family: var( --e-global-typography-text-font-family ), Sans-serif; text-align: var(--text-align); background-color: var(--ast-global-color-5);\">\n<li>Marketing\/ Promotional<\/li>\n<li>Customer feedback collection<\/li>\n<li>Support<\/li>\n<li>Administration info<\/li>\n<li>Targeted advertising<\/li>\n<\/ol>\n<p style=\"font-size: 16px; color: var( --e-global-color-text ); font-family: var( --e-global-typography-text-font-family ), Sans-serif; text-align: var(--text-align); background-color: var(--ast-global-color-5);\">If we want to use your information for any other purpose, we will ask you for consent and will use your information only on receiving your consent and then, only for the purpose(s) for which grant consent unless we are required to do otherwise by law.<\/p>\n<h5 style=\"font-family: var( --e-global-typography-text-font-family ), Sans-serif; text-align: var(--text-align); background-color: var(--ast-global-color-5); display: inline !important;\"><span style=\"background-color: var(--ast-global-color-5); color: var( --e-global-color-primary ); font-family: var( --e-global-typography-text-font-family ), Sans-serif; font-style: inherit; text-align: var(--text-align);\">How We Share Your Information:<\/span><\/h5>\n<div><span style=\"background-color: var(--ast-global-color-5); color: var( --e-global-color-text ); font-family: var( --e-global-typography-text-font-family ), Sans-serif; font-style: inherit; font-weight: inherit; text-align: var(--text-align);\">&nbsp;<\/span><\/div>\n<div>\n<p><span style=\"background-color: var(--ast-global-color-5); color: var( --e-global-color-text ); font-family: var( --e-global-typography-text-font-family ), Sans-serif; font-style: inherit; font-weight: inherit; text-align: var(--text-align);\">We will not transfer your personal information to any third party without seeking your consent, except in limited circumstances as described below:<\/span><\/p>\n<div>\n<ol style=\"font-size: 16px; color: var( --e-global-color-text ); font-family: var( --e-global-typography-text-font-family ), Sans-serif; text-align: var(--text-align); background-color: var(--ast-global-color-5);\">\n<li>Ad service<\/li>\n<li>Analytics<\/li>\n<li>Data collection &amp; process<\/li>\n<\/ol>\n<p style=\"font-size: 16px; color: var( --e-global-color-text ); font-family: var( --e-global-typography-text-font-family ), Sans-serif; text-align: var(--text-align); background-color: var(--ast-global-color-5);\">We require such third party\u2019s to use the personal information we transfer to them only for the purpose for which it was transferred and not to retain it for longer than is required for fulfilling the said purpose.<\/p>\n<p style=\"font-size: 16px; color: var( --e-global-color-text ); font-family: var( --e-global-typography-text-font-family ), Sans-serif; text-align: var(--text-align); background-color: var(--ast-global-color-5);\">We may also disclose your personal information for the following: (1) to comply with applicable law, regulation, court order or other legal process; (2) to enforce your agreements with us, including this Privacy Policy; or (3) to respond to claims that your use of the Service violates any third-party rights. If the Service or our company is merged or acquired with another company, your information will be one of the assets that is transferred to the new owner.<\/p>\n<h5 style=\"font-family: var( --e-global-typography-text-font-family ), Sans-serif; text-align: var(--text-align); background-color: var(--ast-global-color-5); display: inline !important;\"><span style=\"background-color: var(--ast-global-color-5); color: var( --e-global-color-primary ); font-family: var( --e-global-typography-text-font-family ), Sans-serif; font-style: inherit; text-align: var(--text-align);\">Retention Of Your Information:<\/span><\/h5>\n<\/div>\n<div><span style=\"background-color: var(--ast-global-color-5); color: var( --e-global-color-text ); font-family: var( --e-global-typography-text-font-family ), Sans-serif; font-style: inherit; font-weight: inherit; text-align: var(--text-align);\">&nbsp;<\/span><\/div>\n<div>\n<p><span style=\"background-color: var(--ast-global-color-5); color: var( --e-global-color-text ); font-family: var( --e-global-typography-text-font-family ), Sans-serif; font-style: inherit; font-weight: inherit; text-align: var(--text-align);\">We will retain your personal information with us for 90 days to 2 years after users terminate their accounts or for as long as we need it to fulfill the purposes for which it was collected as detailed in this Privacy Policy. We may need to retain certain<\/span><\/p>\n<div>\n<p style=\"font-size: 16px; color: var( --e-global-color-text ); font-family: var( --e-global-typography-text-font-family ), Sans-serif; text-align: var(--text-align); background-color: var(--ast-global-color-5);\">information for longer periods such as record-keeping \/ reporting in accordance with applicable law or for other legitimate reasons like enforcement of legal rights, fraud prevention, etc. Residual anonymous information and aggregate information, neither of which identifies you (directly or indirectly), may be stored indefinitely.<\/p>\n<h5 style=\"font-family: var( --e-global-typography-text-font-family ), Sans-serif; text-align: var(--text-align); background-color: var(--ast-global-color-5); display: inline !important;\"><span style=\"background-color: var(--ast-global-color-5); color: var( --e-global-color-primary ); font-family: var( --e-global-typography-text-font-family ), Sans-serif; font-style: inherit; text-align: var(--text-align);\">Your Rights:<\/span><\/h5>\n<\/div>\n<div><span style=\"background-color: var(--ast-global-color-5); color: var( --e-global-color-text ); font-family: var( --e-global-typography-text-font-family ), Sans-serif; font-style: inherit; font-weight: inherit; text-align: var(--text-align);\">&nbsp;<\/span><\/div>\n<div><span style=\"background-color: var(--ast-global-color-5); color: var( --e-global-color-text ); font-family: var( --e-global-typography-text-font-family ), Sans-serif; font-style: inherit; font-weight: inherit; text-align: var(--text-align);\">Depending on the law that applies, you may have a right to access and rectify or erase your personal data or receive a copy of your personal data, restrict or object to the active processing of your data, ask us to share (port) your personal information to another entity, withdraw any consent you provided to us to process your data, a right to lodge a complaint with a statutory authority and such other rights as may be relevant under applicable laws. To exercise these rights, you can write to us at contact@ceragem.pt. We will respond to your request in accordance with applicable law.&nbsp;<\/span><span style=\"background-color: var(--ast-global-color-5); color: var( --e-global-color-text ); font-family: var( --e-global-typography-text-font-family ), Sans-serif; font-style: inherit; font-weight: inherit; text-align: var(--text-align);\">Do note that if you do not allow us to collect or process the required personal information or withdraw the consent to process the same for the required purposes, you may not be able to access or use the services for which your information was sought.<\/span><\/div>\n<div><span style=\"background-color: var(--ast-global-color-5); color: var( --e-global-color-text ); font-family: var( --e-global-typography-text-font-family ), Sans-serif; font-style: inherit; font-weight: inherit; text-align: var(--text-align);\">&nbsp;<\/span><\/div>\n<div>\n<h5 style=\"font-family: var( --e-global-typography-text-font-family ), Sans-serif; text-align: var(--text-align); background-color: var(--ast-global-color-5); display: inline !important;\"><span style=\"background-color: var(--ast-global-color-5); color: var( --e-global-color-primary ); font-family: var( --e-global-typography-text-font-family ), Sans-serif; font-style: inherit; text-align: var(--text-align);\">Cookies Etc.<\/span><\/h5>\n<\/div>\n<div><span style=\"background-color: var(--ast-global-color-5); color: var( --e-global-color-text ); font-family: var( --e-global-typography-text-font-family ), Sans-serif; font-style: inherit; font-weight: inherit; text-align: var(--text-align);\">&nbsp;<\/span><\/div>\n<div><span style=\"background-color: var(--ast-global-color-5); color: var( --e-global-color-text ); font-family: var( --e-global-typography-text-font-family ), Sans-serif; font-style: inherit; font-weight: inherit; text-align: var(--text-align);\">To learn more about how we use these and your choices in relation to these tracking technologies, please refer to our <\/span><a style=\"font-family: var( --e-global-typography-text-font-family ), Sans-serif; font-style: inherit; text-align: var(--text-align);\" href=\"https:\/\/ceragem.pt\/cookiepolicy\">Cookie Policy.<\/a><\/div>\n<\/div>\n<\/div>\t\t\t\t\t\t\t\t<\/div>\n\t\t\t\t<\/div>\n\t\t\t\t\t<\/div>\n\t\t\t\t<\/div>\n\t\t\t\t<\/div>\n\t\t","protected":false},"excerpt":{"rendered":"<p>Last Updated On 07-Jun-2024 Effective Date 07-Jun-2025 This Privacy Policy describes the policies of Magic Lodge, Rua do Forte Novo [&hellip;]<\/p>\n","protected":false},"author":1,"featured_media":0,"parent":0,"menu_order":0,"comment_status":"closed","ping_status":"open","template":"","meta":{"content-type":"","site-sidebar-layout":"default","site-content-layout":"","ast-site-content-layout":"default","site-content-style":"default","site-sidebar-style":"default","ast-global-header-display":"","ast-banner-title-visibility":"","ast-main-header-display":"","ast-hfb-above-header-display":"","ast-hfb-below-header-display":"","ast-hfb-mobile-header-display":"","site-post-title":"","ast-breadcrumbs-content":"","ast-featured-img":"","footer-sml-layout":"","theme-transparent-header-meta":"","adv-header-id-meta":"","stick-header-meta":"","header-above-stick-meta":"","header-main-stick-meta":"","header-below-stick-meta":"","astra-migrate-meta-layouts":"default","ast-page-background-enabled":"default","ast-page-background-meta":{"desktop":{"background-color":"var(--ast-global-color-4)","background-image":"","background-repeat":"repeat","background-position":"center center","background-size":"auto","background-attachment":"scroll","background-type":"","background-media":"","overlay-type":"","overlay-color":"","overlay-opacity":"","overlay-gradient":""},"tablet":{"background-color":"","background-image":"","background-repeat":"repeat","background-position":"center center","background-size":"auto","background-attachment":"scroll","background-type":"","background-media":"","overlay-type":"","overlay-color":"","overlay-opacity":"","overlay-gradient":""},"mobile":{"background-color":"","background-image":"","background-repeat":"repeat","background-position":"center center","background-size":"auto","background-attachment":"scroll","background-type":"","background-media":"","overlay-type":"","overlay-color":"","overlay-opacity":"","overlay-gradient":""}},"ast-content-background-meta":{"desktop":{"background-color":"var(--ast-global-color-5)","background-image":"","background-repeat":"repeat","background-position":"center center","background-size":"auto","background-attachment":"scroll","background-type":"","background-media":"","overlay-type":"","overlay-color":"","overlay-opacity":"","overlay-gradient":""},"tablet":{"background-color":"var(--ast-global-color-5)","background-image":"","background-repeat":"repeat","background-position":"center center","background-size":"auto","background-attachment":"scroll","background-type":"","background-media":"","overlay-type":"","overlay-color":"","overlay-opacity":"","overlay-gradient":""},"mobile":{"background-color":"var(--ast-global-color-5)","background-image":"","background-repeat":"repeat","background-position":"center center","background-size":"auto","background-attachment":"scroll","background-type":"","background-media":"","overlay-type":"","overlay-color":"","overlay-opacity":"","overlay-gradient":""}},"footnotes":""},"class_list":["post-3","page","type-page","status-publish","hentry"],"yoast_head":"<!-- This site is optimized with the Yoast SEO plugin v26.3 - https:\/\/yoast.com\/wordpress\/plugins\/seo\/ -->\n<title>Privacy Policy ~ ceragem.pt<\/title>\n<meta name=\"robots\" content=\"index, follow, max-snippet:-1, max-image-preview:large, max-video-preview:-1\" \/>\n<link rel=\"canonical\" href=\"https:\/\/ceragem.pt\/index.php\/privacy-policy\/\" \/>\n<meta property=\"og:locale\" content=\"en_GB\" \/>\n<meta property=\"og:type\" content=\"article\" \/>\n<meta property=\"og:title\" content=\"Privacy Policy ~ ceragem.pt\" \/>\n<meta property=\"og:description\" content=\"Last Updated On 07-Jun-2024 Effective Date 07-Jun-2025 This Privacy Policy describes the policies of Magic Lodge, Rua do Forte Novo [&hellip;]\" \/>\n<meta property=\"og:url\" content=\"https:\/\/ceragem.pt\/index.php\/privacy-policy\/\" \/>\n<meta property=\"og:site_name\" content=\"ceragem.pt\" \/>\n<meta property=\"article:publisher\" content=\"https:\/\/www.facebook.com\/ceragemportugal\" \/>\n<meta property=\"article:modified_time\" content=\"2024-06-11T09:18:13+00:00\" \/>\n<meta name=\"twitter:card\" content=\"summary_large_image\" \/>\n<meta name=\"twitter:label1\" content=\"Estimated reading time\" \/>\n\t<meta name=\"twitter:data1\" content=\"4 minutes\" \/>\n<script type=\"application\/ld+json\" class=\"yoast-schema-graph\">{\"@context\":\"https:\/\/schema.org\",\"@graph\":[{\"@type\":\"WebPage\",\"@id\":\"https:\/\/ceragem.pt\/index.php\/privacy-policy\/\",\"url\":\"https:\/\/ceragem.pt\/index.php\/privacy-policy\/\",\"name\":\"Privacy Policy ~ ceragem.pt\",\"isPartOf\":{\"@id\":\"https:\/\/ceragem.pt\/#website\"},\"datePublished\":\"2024-01-12T14:13:26+00:00\",\"dateModified\":\"2024-06-11T09:18:13+00:00\",\"breadcrumb\":{\"@id\":\"https:\/\/ceragem.pt\/index.php\/privacy-policy\/#breadcrumb\"},\"inLanguage\":\"en-GB\",\"potentialAction\":[{\"@type\":\"ReadAction\",\"target\":[\"https:\/\/ceragem.pt\/index.php\/privacy-policy\/\"]}]},{\"@type\":\"BreadcrumbList\",\"@id\":\"https:\/\/ceragem.pt\/index.php\/privacy-policy\/#breadcrumb\",\"itemListElement\":[{\"@type\":\"ListItem\",\"position\":1,\"name\":\"Home\",\"item\":\"https:\/\/ceragem.pt\/\"},{\"@type\":\"ListItem\",\"position\":2,\"name\":\"Privacy Policy\"}]},{\"@type\":\"WebSite\",\"@id\":\"https:\/\/ceragem.pt\/#website\",\"url\":\"https:\/\/ceragem.pt\/\",\"name\":\"Ceragem Portugal\",\"description\":\"Pain relief and well-being with advanced thermal therapy.~Al\u00edvio da dor e bem-estar com terapia t\u00e9rmica avan\u00e7ada\",\"publisher\":{\"@id\":\"https:\/\/ceragem.pt\/#organization\"},\"alternateName\":\"Ceragem Automatic Thermal Massager\",\"potentialAction\":[{\"@type\":\"SearchAction\",\"target\":{\"@type\":\"EntryPoint\",\"urlTemplate\":\"https:\/\/ceragem.pt\/?s={search_term_string}\"},\"query-input\":{\"@type\":\"PropertyValueSpecification\",\"valueRequired\":true,\"valueName\":\"search_term_string\"}}],\"inLanguage\":\"en-GB\"},{\"@type\":\"Organization\",\"@id\":\"https:\/\/ceragem.pt\/#organization\",\"name\":\"ceragem.pt\",\"url\":\"https:\/\/ceragem.pt\/\",\"logo\":{\"@type\":\"ImageObject\",\"inLanguage\":\"en-GB\",\"@id\":\"https:\/\/ceragem.pt\/#\/schema\/logo\/image\/\",\"url\":\"https:\/\/ceragem.pt\/wp-content\/uploads\/2024\/01\/header-logo.svg\",\"contentUrl\":\"https:\/\/ceragem.pt\/wp-content\/uploads\/2024\/01\/header-logo.svg\",\"width\":1072,\"height\":153,\"caption\":\"ceragem.pt\"},\"image\":{\"@id\":\"https:\/\/ceragem.pt\/#\/schema\/logo\/image\/\"},\"sameAs\":[\"https:\/\/www.facebook.com\/ceragemportugal\",\"https:\/\/www.instagram.com\/ceragempt\/\"]}]}<\/script>\n<!-- \/ Yoast SEO plugin. -->","yoast_head_json":{"title":"Privacy Policy ~ ceragem.pt","robots":{"index":"index","follow":"follow","max-snippet":"max-snippet:-1","max-image-preview":"max-image-preview:large","max-video-preview":"max-video-preview:-1"},"canonical":"https:\/\/ceragem.pt\/index.php\/privacy-policy\/","og_locale":"en_GB","og_type":"article","og_title":"Privacy Policy ~ ceragem.pt","og_description":"Last Updated On 07-Jun-2024 Effective Date 07-Jun-2025 This Privacy Policy describes the policies of Magic Lodge, Rua do Forte Novo [&hellip;]","og_url":"https:\/\/ceragem.pt\/index.php\/privacy-policy\/","og_site_name":"ceragem.pt","article_publisher":"https:\/\/www.facebook.com\/ceragemportugal","article_modified_time":"2024-06-11T09:18:13+00:00","twitter_card":"summary_large_image","twitter_misc":{"Estimated reading time":"4 minutes"},"schema":{"@context":"https:\/\/schema.org","@graph":[{"@type":"WebPage","@id":"https:\/\/ceragem.pt\/index.php\/privacy-policy\/","url":"https:\/\/ceragem.pt\/index.php\/privacy-policy\/","name":"Privacy Policy ~ ceragem.pt","isPartOf":{"@id":"https:\/\/ceragem.pt\/#website"},"datePublished":"2024-01-12T14:13:26+00:00","dateModified":"2024-06-11T09:18:13+00:00","breadcrumb":{"@id":"https:\/\/ceragem.pt\/index.php\/privacy-policy\/#breadcrumb"},"inLanguage":"en-GB","potentialAction":[{"@type":"ReadAction","target":["https:\/\/ceragem.pt\/index.php\/privacy-policy\/"]}]},{"@type":"BreadcrumbList","@id":"https:\/\/ceragem.pt\/index.php\/privacy-policy\/#breadcrumb","itemListElement":[{"@type":"ListItem","position":1,"name":"Home","item":"https:\/\/ceragem.pt\/"},{"@type":"ListItem","position":2,"name":"Privacy Policy"}]},{"@type":"WebSite","@id":"https:\/\/ceragem.pt\/#website","url":"https:\/\/ceragem.pt\/","name":"Ceragem Portugal","description":"Pain relief and well-being with advanced thermal therapy.~Al\u00edvio da dor e bem-estar com terapia t\u00e9rmica avan\u00e7ada","publisher":{"@id":"https:\/\/ceragem.pt\/#organization"},"alternateName":"Ceragem Automatic Thermal Massager","potentialAction":[{"@type":"SearchAction","target":{"@type":"EntryPoint","urlTemplate":"https:\/\/ceragem.pt\/?s={search_term_string}"},"query-input":{"@type":"PropertyValueSpecification","valueRequired":true,"valueName":"search_term_string"}}],"inLanguage":"en-GB"},{"@type":"Organization","@id":"https:\/\/ceragem.pt\/#organization","name":"ceragem.pt","url":"https:\/\/ceragem.pt\/","logo":{"@type":"ImageObject","inLanguage":"en-GB","@id":"https:\/\/ceragem.pt\/#\/schema\/logo\/image\/","url":"https:\/\/ceragem.pt\/wp-content\/uploads\/2024\/01\/header-logo.svg","contentUrl":"https:\/\/ceragem.pt\/wp-content\/uploads\/2024\/01\/header-logo.svg","width":1072,"height":153,"caption":"ceragem.pt"},"image":{"@id":"https:\/\/ceragem.pt\/#\/schema\/logo\/image\/"},"sameAs":["https:\/\/www.facebook.com\/ceragemportugal","https:\/\/www.instagram.com\/ceragempt\/"]}]}},"jetpack_sharing_enabled":true,"_links":{"self":[{"href":"https:\/\/ceragem.pt\/index.php\/wp-json\/wp\/v2\/pages\/3","targetHints":{"allow":["GET"]}}],"collection":[{"href":"https:\/\/ceragem.pt\/index.php\/wp-json\/wp\/v2\/pages"}],"about":[{"href":"https:\/\/ceragem.pt\/index.php\/wp-json\/wp\/v2\/types\/page"}],"author":[{"embeddable":true,"href":"https:\/\/ceragem.pt\/index.php\/wp-json\/wp\/v2\/users\/1"}],"replies":[{"embeddable":true,"href":"https:\/\/ceragem.pt\/index.php\/wp-json\/wp\/v2\/comments?post=3"}],"version-history":[{"count":58,"href":"https:\/\/ceragem.pt\/index.php\/wp-json\/wp\/v2\/pages\/3\/revisions"}],"predecessor-version":[{"id":1760,"href":"https:\/\/ceragem.pt\/index.php\/wp-json\/wp\/v2\/pages\/3\/revisions\/1760"}],"wp:attachment":[{"href":"https:\/\/ceragem.pt\/index.php\/wp-json\/wp\/v2\/media?parent=3"}],"curies":[{"name":"wp","href":"https:\/\/api.w.org\/{rel}","templated":true}]}}